{"id":1151,"date":"2025-07-21T09:10:13","date_gmt":"2025-07-21T09:10:13","guid":{"rendered":"https:\/\/canfranccanfranc.com\/tienda.online\/?post_type=product&#038;p=1151"},"modified":"2025-10-29T12:59:08","modified_gmt":"2025-10-29T12:59:08","slug":"camiseta-unisex-edicion-limitada-wmtrc-2025","status":"publish","type":"product","link":"https:\/\/canfranccanfranc.com\/tienda.online\/productos\/camiseta-unisex-edicion-limitada-wmtrc-2025\/","title":{"rendered":"Camiseta Unisex Edici\u00f3n Limitada WMTRC 2025"},"content":{"rendered":"<p>\u00a1Celebra la pasi\u00f3n por la monta\u00f1a y el esp\u00edritu de la competici\u00f3n con nuestra camiseta del <strong>Campeonato del Mundo de Monta\u00f1a y Trail Running!<\/strong><br \/>\nDise\u00f1ada en exclusiva por el reconocido artista <strong>Ricardo Montoro<\/strong>, esta prenda \u00fanica es mucho m\u00e1s que una camiseta: es una pieza de colecci\u00f3n.<\/p>\n<p>Inspirada en la energ\u00eda, el esfuerzo y la conexi\u00f3n con la naturaleza que definen al Campeonato del Mundo, cada trazo del dise\u00f1o refleja la fuerza y elegancia del deporte en su m\u00e1xima expresi\u00f3n. Montoro, conocido por su obra vinculada al mundo alpino, ha creado una imagen que transmite movimiento, libertad y emoci\u00f3n.<br \/>\nCaracter\u00edsticas destacadas:<\/p>\n<p>    &#8211; Dise\u00f1o exclusivo de Ricardo Montoro<\/p>\n<p>    &#8211; Edici\u00f3n limitada \u2013 Solo disponible durante esta temporada del campeonato<\/p>\n<p>    &#8211; Tejido t\u00e9cnico de alta calidad, c\u00f3modo y transpirable<\/p>\n<p>    &#8211; Disponible en varias tallas unisex<\/p>\n<p>Ya seas competidor, aficionado o simplemente un amante del dise\u00f1o y la monta\u00f1a, esta camiseta es la forma perfecta de llevar contigo el esp\u00edritu del Campeonato del Mundo.<br \/>\n\u00a1Hazte con la tuya antes de que se agoten!<\/p>\n","protected":false},"excerpt":{"rendered":"<p>\u00a1Celebra la pasi\u00f3n por la monta\u00f1a y el esp\u00edritu de la competici\u00f3n con nuestra camiseta del Campeonato del Mundo de Monta\u00f1a y Trail Running! Dise\u00f1ada en exclusiva por el reconocido artista Ricardo Montoro, esta prenda \u00fanica es mucho m\u00e1s que una camiseta: es una pieza de colecci\u00f3n. Inspirada en la energ\u00eda, el esfuerzo y la [&hellip;]<\/p>\n","protected":false},"featured_media":1168,"comment_status":"open","ping_status":"closed","template":"","meta":[],"product_brand":[],"product_cat":[64,62],"product_tag":[],"class_list":{"0":"post-1151","1":"product","2":"type-product","3":"status-publish","4":"has-post-thumbnail","6":"product_cat-camiseta","7":"product_cat-unisex","8":"pa_talla-m","9":"pa_talla-l","11":"first","12":"instock","13":"shipping-taxable","14":"purchasable","15":"product-type-variable"},"jetpack_sharing_enabled":true,"_links":{"self":[{"href":"https:\/\/canfranccanfranc.com\/tienda.online\/wp-json\/wp\/v2\/product\/1151","targetHints":{"allow":["GET"]}}],"collection":[{"href":"https:\/\/canfranccanfranc.com\/tienda.online\/wp-json\/wp\/v2\/product"}],"about":[{"href":"https:\/\/canfranccanfranc.com\/tienda.online\/wp-json\/wp\/v2\/types\/product"}],"replies":[{"embeddable":true,"href":"https:\/\/canfranccanfranc.com\/tienda.online\/wp-json\/wp\/v2\/comments?post=1151"}],"wp:featuredmedia":[{"embeddable":true,"href":"https:\/\/canfranccanfranc.com\/tienda.online\/wp-json\/wp\/v2\/media\/1168"}],"wp:attachment":[{"href":"https:\/\/canfranccanfranc.com\/tienda.online\/wp-json\/wp\/v2\/media?parent=1151"}],"wp:term":[{"taxonomy":"product_brand","embeddable":true,"href":"https:\/\/canfranccanfranc.com\/tienda.online\/wp-json\/wp\/v2\/product_brand?post=1151"},{"taxonomy":"product_cat","embeddable":true,"href":"https:\/\/canfranccanfranc.com\/tienda.online\/wp-json\/wp\/v2\/product_cat?post=1151"},{"taxonomy":"product_tag","embeddable":true,"href":"https:\/\/canfranccanfranc.com\/tienda.online\/wp-json\/wp\/v2\/product_tag?post=1151"}],"curies":[{"name":"wp","href":"https:\/\/api.w.org\/{rel}","templated":true}]}}