{"id":1326,"date":"2025-10-06T09:24:15","date_gmt":"2025-10-06T09:24:15","guid":{"rendered":"https:\/\/canfranccanfranc.com\/tienda.online\/?post_type=product&#038;p=1326"},"modified":"2025-10-06T10:26:28","modified_gmt":"2025-10-06T10:26:28","slug":"camiseta-adidas-terrex-naranja-cc-mujer","status":"publish","type":"product","link":"https:\/\/canfranccanfranc.com\/tienda.online\/productos\/camiseta-adidas-terrex-naranja-cc-mujer\/","title":{"rendered":"Camiseta adidas terrex naranja CC Mujer"},"content":{"rendered":"<p>\u00a1Celebra la pasi\u00f3n por la monta\u00f1a y el esp\u00edritu de la competici\u00f3n con nuestra camiseta de la <strong>CANFRANCCANFRANC<\/strong> adidas terrex color naranja edici\u00f3n 2025!<\/p>\n<p>Ya seas competidor, aficionado o simplemente un amante del dise\u00f1o y la monta\u00f1a, esta camiseta es la forma perfecta de llevar contigo el esp\u00edritu de la CanfrancCanfranc.<\/p>\n<p>\u00a1Hazte con la tuya antes de que se agoten!<\/p>\n","protected":false},"excerpt":{"rendered":"<p>\u00a1Celebra la pasi\u00f3n por la monta\u00f1a y el esp\u00edritu de la competici\u00f3n con nuestra camiseta de la CANFRANCCANFRANC adidas terrex color naranja edici\u00f3n 2025! Ya seas competidor, aficionado o simplemente un amante del dise\u00f1o y la monta\u00f1a, esta camiseta es la forma perfecta de llevar contigo el esp\u00edritu de la CanfrancCanfranc. \u00a1Hazte con la tuya [&hellip;]<\/p>\n","protected":false},"featured_media":1339,"comment_status":"open","ping_status":"closed","template":"","meta":[],"product_brand":[],"product_cat":[64,62],"product_tag":[],"class_list":{"0":"post-1326","1":"product","2":"type-product","3":"status-publish","4":"has-post-thumbnail","6":"product_cat-camiseta","7":"product_cat-unisex","8":"pa_talla-s","9":"pa_talla-m","11":"first","12":"instock","13":"shipping-taxable","14":"purchasable","15":"product-type-variable"},"jetpack_sharing_enabled":true,"_links":{"self":[{"href":"https:\/\/canfranccanfranc.com\/tienda.online\/wp-json\/wp\/v2\/product\/1326","targetHints":{"allow":["GET"]}}],"collection":[{"href":"https:\/\/canfranccanfranc.com\/tienda.online\/wp-json\/wp\/v2\/product"}],"about":[{"href":"https:\/\/canfranccanfranc.com\/tienda.online\/wp-json\/wp\/v2\/types\/product"}],"replies":[{"embeddable":true,"href":"https:\/\/canfranccanfranc.com\/tienda.online\/wp-json\/wp\/v2\/comments?post=1326"}],"wp:featuredmedia":[{"embeddable":true,"href":"https:\/\/canfranccanfranc.com\/tienda.online\/wp-json\/wp\/v2\/media\/1339"}],"wp:attachment":[{"href":"https:\/\/canfranccanfranc.com\/tienda.online\/wp-json\/wp\/v2\/media?parent=1326"}],"wp:term":[{"taxonomy":"product_brand","embeddable":true,"href":"https:\/\/canfranccanfranc.com\/tienda.online\/wp-json\/wp\/v2\/product_brand?post=1326"},{"taxonomy":"product_cat","embeddable":true,"href":"https:\/\/canfranccanfranc.com\/tienda.online\/wp-json\/wp\/v2\/product_cat?post=1326"},{"taxonomy":"product_tag","embeddable":true,"href":"https:\/\/canfranccanfranc.com\/tienda.online\/wp-json\/wp\/v2\/product_tag?post=1326"}],"curies":[{"name":"wp","href":"https:\/\/api.w.org\/{rel}","templated":true}]}}